{"id":44,"date":"2023-03-17T20:51:58","date_gmt":"2023-03-17T20:51:58","guid":{"rendered":"https:\/\/liceoespejo.edu.ar\/lmge\/?page_id=44"},"modified":"2023-03-20T09:32:43","modified_gmt":"2023-03-20T12:32:43","slug":"centro-de-orientacion-educativa","status":"publish","type":"page","link":"https:\/\/liceoespejo.edu.ar\/lmge\/centro-de-orientacion-educativa\/","title":{"rendered":"Centro de Orientaci\u00f3n Educativa"},"content":{"rendered":"<p><strong>Funciones del COE<\/strong><br \/>\n(Reglamento de LLMM RFP-77-04 Ed 2018)<\/p>\n<p><strong>6008. Funciones<\/strong><\/p>\n<ol style=\"list-style-type: lower-alpha;\">\n<li style=\"text-align: justify;\">Entender en la exploraci\u00f3n, investigaci\u00f3n y orientaci\u00f3n psicol\u00f3gica\/psicopedag\u00f3gica seg\u00fan corresponda, sobre la base de la b\u00fasqueda t\u00e9cnico-cient\u00edfica de capacidades, motivaciones, intereses, aptitudes y de todos aquellos rasgos de personalidad cuyo conocimiento colabore para un mejor cumplimiento de la misi\u00f3n del instituto y en procura de pautas espec\u00edficas y concretas para el apoyo de la acci\u00f3n educativa.<\/li>\n<li style=\"text-align: justify;\">Entender en las aptitudes intelectuales y rasgos personales, de los postulantes a ingreso a los institutos, para la consideraci\u00f3n y resoluci\u00f3n por parte de la direcci\u00f3n.<\/li>\n<li style=\"text-align: justify;\">Entender en la prevenci\u00f3n, la detecci\u00f3n, el seguimiento y la orientaci\u00f3n de conductas que afecten la permanencia del educando en el instituto, su ubicaci\u00f3n vocacional y sus perspectivas profesionales.<\/li>\n<li style=\"text-align: justify;\">Entender en el seguimiento permanente individual, grupal e institucional del educando, de los obst\u00e1culos y las condiciones facilitadoras surgidas durante el desarrollo de los procesos de ense\u00f1anza-aprendizaje.<\/li>\n<li style=\"text-align: justify;\">Entender en la contenci\u00f3n y orientaci\u00f3n de los educandos en relaci\u00f3n a su aptitud vocacional profesional y a los v\u00ednculos establecidos con los distintos grupos de la comunidad educativa (alumnos, docentes, instructores, etc.).<\/li>\n<li style=\"text-align: justify;\">Entender en la elaboraci\u00f3n de la documentaci\u00f3n espec\u00edfica para el normal funcionamiento del centro y producir los distintos informes y documentos para elevar al escal\u00f3n superior, seg\u00fan las \u00f3rdenes vigentes.<br \/>\ng. Entender en el mantenimiento de un permanente intercambio de informaci\u00f3n con los profesionales de otros CCOE y con la DOE (Secr Eval\/ IUNE\/ COEDOC), como as\u00ed tambi\u00e9n con otras organizaciones similares del SEN.<\/li>\n<li style=\"text-align: justify;\">Entender en la organizaci\u00f3n de eventos (talleres, seminarios, simposios) y elaboraci\u00f3n de folletos informativos para la difusi\u00f3n de asuntos espec\u00edficos profesionales relacionados con aspectos acad\u00e9micos y psicol\u00f3gicos, en toda la comunidad educativa.<\/li>\n<li style=\"text-align: justify;\">Entender en la recolecci\u00f3n de datos, registro, clasificaci\u00f3n, an\u00e1lisis comparativo de todo lo concerniente a la variable \u201calumnos\u201d.<\/li>\n<li style=\"text-align: justify;\">Intervenir en el perfeccionamiento y capacitaci\u00f3n de la comunidad educativa, contribuyendo desde su incumbencia y mirada espec\u00edfica profesional.<\/li>\n<li style=\"text-align: justify;\">Intervenir en la elaboraci\u00f3n y permanente evaluaci\u00f3n de los perfiles de egreso, complementando y profundizando el perfil confeccionado para el PEI.<\/li>\n<li style=\"text-align: justify;\">Participar activamente en las siguientes actividades:<br \/>\n1) La elaboraci\u00f3n de diagn\u00f3sticos de las situaciones conflictivas y de sus estrategias de intervenci\u00f3n.<br \/>\n2) La integraci\u00f3n interdisciplinaria con el resto de las \u00e1reas del instituto.<br \/>\n3) Las reuniones del consejo de concepto que se realicen para tratar casos o situaciones particulares, con la finalidad de asesorar a la direcci\u00f3n.<br \/>\n4) El mantenimiento u optimizaci\u00f3n del clima educativo.<br \/>\n5) La concepci\u00f3n de acciones que favorezcan la convivencia y la comunicaci\u00f3n en cada uno de los espacios educativos del instituto.<br \/>\n6) El subsistema de evaluaci\u00f3n del instituto.<\/li>\n<\/ol>\n<p><strong>\u00a06.009. Limitaciones<\/strong><br \/>\nSi se considera necesario efectuar intervenciones espec\u00edficas, los padres o representantes legales se notificar\u00e1n y asumir\u00e1n la responsabilidad de efectuar el tratamiento con un profesional titulado (psicopedagogo, psic\u00f3logo, fonoaudi\u00f3logo, etc.), ajeno al instituto, dado que el centro no podr\u00e1 realizar diagn\u00f3sticos diferenciales ni tratamientos psicol\u00f3gicos o psicopedag\u00f3gicos individuales.<\/p>\n","protected":false},"excerpt":{"rendered":"<p>Funciones del COE (Reglamento de LLMM RFP-77-04 Ed 2018) 6008. Funciones Entender en la exploraci\u00f3n, investigaci\u00f3n y orientaci\u00f3n psicol\u00f3gica\/psicopedag\u00f3gica seg\u00fan corresponda, sobre la base de la b\u00fasqueda t\u00e9cnico-cient\u00edfica de capacidades, motivaciones, intereses, aptitudes y de todos aquellos rasgos de personalidad cuyo conocimiento colabore para un mejor cumplimiento de la misi\u00f3n &hellip; <\/p>\n","protected":false},"author":4,"featured_media":0,"parent":0,"menu_order":0,"comment_status":"closed","ping_status":"closed","template":"","meta":{"ngg_post_thumbnail":0,"footnotes":""},"class_list":["post-44","page","type-page","status-publish","hentry"],"yoast_head":"<!-- This site is optimized with the Yoast SEO plugin v27.5 - https:\/\/yoast.com\/product\/yoast-seo-wordpress\/ -->\n<title>Centro de Orientaci\u00f3n Educativa - Liceo Militar General Espejo<\/title>\n<meta name=\"robots\" content=\"index, follow, max-snippet:-1, max-image-preview:large, max-video-preview:-1\" \/>\n<link rel=\"canonical\" href=\"https:\/\/liceoespejo.edu.ar\/lmge\/centro-de-orientacion-educativa\/\" \/>\n<meta property=\"og:locale\" content=\"es_ES\" \/>\n<meta property=\"og:type\" content=\"article\" \/>\n<meta property=\"og:title\" content=\"Centro de Orientaci\u00f3n Educativa - Liceo Militar General Espejo\" \/>\n<meta property=\"og:description\" content=\"Funciones del COE (Reglamento de LLMM RFP-77-04 Ed 2018) 6008. Funciones Entender en la exploraci\u00f3n, investigaci\u00f3n y orientaci\u00f3n psicol\u00f3gica\/psicopedag\u00f3gica seg\u00fan corresponda, sobre la base de la b\u00fasqueda t\u00e9cnico-cient\u00edfica de capacidades, motivaciones, intereses, aptitudes y de todos aquellos rasgos de personalidad cuyo conocimiento colabore para un mejor cumplimiento de la misi\u00f3n &hellip;\" \/>\n<meta property=\"og:url\" content=\"https:\/\/liceoespejo.edu.ar\/lmge\/centro-de-orientacion-educativa\/\" \/>\n<meta property=\"og:site_name\" content=\"Liceo Militar General Espejo\" \/>\n<meta property=\"article:publisher\" content=\"https:\/\/www.facebook.com\/liceomilitargeneralespejo\" \/>\n<meta property=\"article:modified_time\" content=\"2023-03-20T12:32:43+00:00\" \/>\n<meta name=\"twitter:card\" content=\"summary_large_image\" \/>\n<meta name=\"twitter:label1\" content=\"Tiempo de lectura\" \/>\n\t<meta name=\"twitter:data1\" content=\"3 minutos\" \/>\n<script type=\"application\/ld+json\" class=\"yoast-schema-graph\">{\"@context\":\"https:\\\/\\\/schema.org\",\"@graph\":[{\"@type\":\"WebPage\",\"@id\":\"https:\\\/\\\/liceoespejo.edu.ar\\\/lmge\\\/centro-de-orientacion-educativa\\\/\",\"url\":\"https:\\\/\\\/liceoespejo.edu.ar\\\/lmge\\\/centro-de-orientacion-educativa\\\/\",\"name\":\"Centro de Orientaci\u00f3n Educativa - Liceo Militar General Espejo\",\"isPartOf\":{\"@id\":\"https:\\\/\\\/liceoespejo.edu.ar\\\/lmge\\\/#website\"},\"datePublished\":\"2023-03-17T20:51:58+00:00\",\"dateModified\":\"2023-03-20T12:32:43+00:00\",\"breadcrumb\":{\"@id\":\"https:\\\/\\\/liceoespejo.edu.ar\\\/lmge\\\/centro-de-orientacion-educativa\\\/#breadcrumb\"},\"inLanguage\":\"es\",\"potentialAction\":[{\"@type\":\"ReadAction\",\"target\":[\"https:\\\/\\\/liceoespejo.edu.ar\\\/lmge\\\/centro-de-orientacion-educativa\\\/\"]}]},{\"@type\":\"BreadcrumbList\",\"@id\":\"https:\\\/\\\/liceoespejo.edu.ar\\\/lmge\\\/centro-de-orientacion-educativa\\\/#breadcrumb\",\"itemListElement\":[{\"@type\":\"ListItem\",\"position\":1,\"name\":\"Portada\",\"item\":\"https:\\\/\\\/liceoespejo.edu.ar\\\/lmge\\\/\"},{\"@type\":\"ListItem\",\"position\":2,\"name\":\"Centro de Orientaci\u00f3n Educativa\"}]},{\"@type\":\"WebSite\",\"@id\":\"https:\\\/\\\/liceoespejo.edu.ar\\\/lmge\\\/#website\",\"url\":\"https:\\\/\\\/liceoespejo.edu.ar\\\/lmge\\\/\",\"name\":\"Liceo Militar General Espejo\",\"description\":\"Colegio de educaci\u00f3n inicial, primaria y secundaria\",\"publisher\":{\"@id\":\"https:\\\/\\\/liceoespejo.edu.ar\\\/lmge\\\/#organization\"},\"potentialAction\":[{\"@type\":\"SearchAction\",\"target\":{\"@type\":\"EntryPoint\",\"urlTemplate\":\"https:\\\/\\\/liceoespejo.edu.ar\\\/lmge\\\/?s={search_term_string}\"},\"query-input\":{\"@type\":\"PropertyValueSpecification\",\"valueRequired\":true,\"valueName\":\"search_term_string\"}}],\"inLanguage\":\"es\"},{\"@type\":\"Organization\",\"@id\":\"https:\\\/\\\/liceoespejo.edu.ar\\\/lmge\\\/#organization\",\"name\":\"Liceo Militar General Espejo\",\"url\":\"https:\\\/\\\/liceoespejo.edu.ar\\\/lmge\\\/\",\"logo\":{\"@type\":\"ImageObject\",\"inLanguage\":\"es\",\"@id\":\"https:\\\/\\\/liceoespejo.edu.ar\\\/lmge\\\/#\\\/schema\\\/logo\\\/image\\\/\",\"url\":\"https:\\\/\\\/liceoespejo.edu.ar\\\/lmge\\\/wp-content\\\/uploads\\\/2023\\\/03\\\/infanteria5.png\",\"contentUrl\":\"https:\\\/\\\/liceoespejo.edu.ar\\\/lmge\\\/wp-content\\\/uploads\\\/2023\\\/03\\\/infanteria5.png\",\"width\":370,\"height\":370,\"caption\":\"Liceo Militar General Espejo\"},\"image\":{\"@id\":\"https:\\\/\\\/liceoespejo.edu.ar\\\/lmge\\\/#\\\/schema\\\/logo\\\/image\\\/\"},\"sameAs\":[\"https:\\\/\\\/www.facebook.com\\\/liceomilitargeneralespejo\"]}]}<\/script>\n<!-- \/ Yoast SEO plugin. -->","yoast_head_json":{"title":"Centro de Orientaci\u00f3n Educativa - Liceo Militar General Espejo","robots":{"index":"index","follow":"follow","max-snippet":"max-snippet:-1","max-image-preview":"max-image-preview:large","max-video-preview":"max-video-preview:-1"},"canonical":"https:\/\/liceoespejo.edu.ar\/lmge\/centro-de-orientacion-educativa\/","og_locale":"es_ES","og_type":"article","og_title":"Centro de Orientaci\u00f3n Educativa - Liceo Militar General Espejo","og_description":"Funciones del COE (Reglamento de LLMM RFP-77-04 Ed 2018) 6008. Funciones Entender en la exploraci\u00f3n, investigaci\u00f3n y orientaci\u00f3n psicol\u00f3gica\/psicopedag\u00f3gica seg\u00fan corresponda, sobre la base de la b\u00fasqueda t\u00e9cnico-cient\u00edfica de capacidades, motivaciones, intereses, aptitudes y de todos aquellos rasgos de personalidad cuyo conocimiento colabore para un mejor cumplimiento de la misi\u00f3n &hellip;","og_url":"https:\/\/liceoespejo.edu.ar\/lmge\/centro-de-orientacion-educativa\/","og_site_name":"Liceo Militar General Espejo","article_publisher":"https:\/\/www.facebook.com\/liceomilitargeneralespejo","article_modified_time":"2023-03-20T12:32:43+00:00","twitter_card":"summary_large_image","twitter_misc":{"Tiempo de lectura":"3 minutos"},"schema":{"@context":"https:\/\/schema.org","@graph":[{"@type":"WebPage","@id":"https:\/\/liceoespejo.edu.ar\/lmge\/centro-de-orientacion-educativa\/","url":"https:\/\/liceoespejo.edu.ar\/lmge\/centro-de-orientacion-educativa\/","name":"Centro de Orientaci\u00f3n Educativa - Liceo Militar General Espejo","isPartOf":{"@id":"https:\/\/liceoespejo.edu.ar\/lmge\/#website"},"datePublished":"2023-03-17T20:51:58+00:00","dateModified":"2023-03-20T12:32:43+00:00","breadcrumb":{"@id":"https:\/\/liceoespejo.edu.ar\/lmge\/centro-de-orientacion-educativa\/#breadcrumb"},"inLanguage":"es","potentialAction":[{"@type":"ReadAction","target":["https:\/\/liceoespejo.edu.ar\/lmge\/centro-de-orientacion-educativa\/"]}]},{"@type":"BreadcrumbList","@id":"https:\/\/liceoespejo.edu.ar\/lmge\/centro-de-orientacion-educativa\/#breadcrumb","itemListElement":[{"@type":"ListItem","position":1,"name":"Portada","item":"https:\/\/liceoespejo.edu.ar\/lmge\/"},{"@type":"ListItem","position":2,"name":"Centro de Orientaci\u00f3n Educativa"}]},{"@type":"WebSite","@id":"https:\/\/liceoespejo.edu.ar\/lmge\/#website","url":"https:\/\/liceoespejo.edu.ar\/lmge\/","name":"Liceo Militar General Espejo","description":"Colegio de educaci\u00f3n inicial, primaria y secundaria","publisher":{"@id":"https:\/\/liceoespejo.edu.ar\/lmge\/#organization"},"potentialAction":[{"@type":"SearchAction","target":{"@type":"EntryPoint","urlTemplate":"https:\/\/liceoespejo.edu.ar\/lmge\/?s={search_term_string}"},"query-input":{"@type":"PropertyValueSpecification","valueRequired":true,"valueName":"search_term_string"}}],"inLanguage":"es"},{"@type":"Organization","@id":"https:\/\/liceoespejo.edu.ar\/lmge\/#organization","name":"Liceo Militar General Espejo","url":"https:\/\/liceoespejo.edu.ar\/lmge\/","logo":{"@type":"ImageObject","inLanguage":"es","@id":"https:\/\/liceoespejo.edu.ar\/lmge\/#\/schema\/logo\/image\/","url":"https:\/\/liceoespejo.edu.ar\/lmge\/wp-content\/uploads\/2023\/03\/infanteria5.png","contentUrl":"https:\/\/liceoespejo.edu.ar\/lmge\/wp-content\/uploads\/2023\/03\/infanteria5.png","width":370,"height":370,"caption":"Liceo Militar General Espejo"},"image":{"@id":"https:\/\/liceoespejo.edu.ar\/lmge\/#\/schema\/logo\/image\/"},"sameAs":["https:\/\/www.facebook.com\/liceomilitargeneralespejo"]}]}},"_links":{"self":[{"href":"https:\/\/liceoespejo.edu.ar\/lmge\/wp-json\/wp\/v2\/pages\/44","targetHints":{"allow":["GET"]}}],"collection":[{"href":"https:\/\/liceoespejo.edu.ar\/lmge\/wp-json\/wp\/v2\/pages"}],"about":[{"href":"https:\/\/liceoespejo.edu.ar\/lmge\/wp-json\/wp\/v2\/types\/page"}],"author":[{"embeddable":true,"href":"https:\/\/liceoespejo.edu.ar\/lmge\/wp-json\/wp\/v2\/users\/4"}],"replies":[{"embeddable":true,"href":"https:\/\/liceoespejo.edu.ar\/lmge\/wp-json\/wp\/v2\/comments?post=44"}],"version-history":[{"count":1,"href":"https:\/\/liceoespejo.edu.ar\/lmge\/wp-json\/wp\/v2\/pages\/44\/revisions"}],"predecessor-version":[{"id":45,"href":"https:\/\/liceoespejo.edu.ar\/lmge\/wp-json\/wp\/v2\/pages\/44\/revisions\/45"}],"wp:attachment":[{"href":"https:\/\/liceoespejo.edu.ar\/lmge\/wp-json\/wp\/v2\/media?parent=44"}],"curies":[{"name":"wp","href":"https:\/\/api.w.org\/{rel}","templated":true}]}}