{"id":52,"date":"2023-03-17T20:54:15","date_gmt":"2023-03-17T23:54:15","guid":{"rendered":"https:\/\/liceoespejo.edu.ar\/lmge\/?page_id=52"},"modified":"2023-03-23T11:24:12","modified_gmt":"2023-03-23T14:24:12","slug":"proyecto-de-educacion-sexual-integral","status":"publish","type":"page","link":"https:\/\/liceoespejo.edu.ar\/lmge\/proyecto-de-educacion-sexual-integral\/","title":{"rendered":"Proyecto de Educaci\u00f3n Sexual Integral"},"content":{"rendered":"<p align=\"justify\">La Ley Nacional 26.150, establece la obligatoriedad para todas las escuelas de nuestro pa\u00eds, de impartir un Programa Integral de Educaci\u00f3n Sexual desde el Nivel Inicial hasta el Superior. Seg\u00fan esta ley, cada instituci\u00f3n debe adaptar la propuesta, a su realidad sociocultural, a su Proyecto Educativo Institucional y a su Ideario, de manera gradual y progresiva. La importancia de esta ley radica en el reconocimiento de la educaci\u00f3n sexual como un derecho, y a los ni\u00f1os y adolescentes como sujetos de ese derecho. Nuestra programaci\u00f3n curricular se basa en los aportes de la sociolog\u00eda, epistemolog\u00eda, psicolog\u00eda y pedagog\u00eda. Teniendo en cuenta las contribuciones de estas \u00e1reas del saber el L.M.G.E. implementar\u00e1 los contenidos del PESI desde una perspectiva transversal y no como un espacio curricular espec\u00edfico, es por ello que a trav\u00e9s del Proyecto de Educaci\u00f3n Sexual Integral (PESI), se implementar\u00e1n \u00e9stos lineamientos curriculares propuestos en el marco de nuestro PCI y de los Proyectos de Aula correspondientes.<\/p>\n<p align=\"justify\">Descargue el archivo del PESI del siguiente enlace:<\/p>\n<ul>\n<li><a href=\"http:\/\/www.liceoespejo.edu.ar\/liceo\/wp-content\/uploads\/2021\/09\/4-Anexo-IV-PESI.pdf\">Proyecto de Educaci\u00f3n Sexual Integral<\/a><\/li>\n<\/ul>\n","protected":false},"excerpt":{"rendered":"<p>La Ley Nacional 26.150, establece la obligatoriedad para todas las escuelas de nuestro pa\u00eds, de impartir un Programa Integral de Educaci\u00f3n Sexual desde el Nivel Inicial hasta el Superior. Seg\u00fan esta ley, cada instituci\u00f3n debe adaptar la propuesta, a su realidad sociocultural, a su Proyecto Educativo Institucional y a su &hellip; <\/p>\n","protected":false},"author":4,"featured_media":0,"parent":0,"menu_order":0,"comment_status":"closed","ping_status":"closed","template":"","meta":{"ngg_post_thumbnail":0,"footnotes":""},"class_list":["post-52","page","type-page","status-publish","hentry"],"yoast_head":"<!-- This site is optimized with the Yoast SEO plugin v27.5 - https:\/\/yoast.com\/product\/yoast-seo-wordpress\/ -->\n<title>Proyecto de Educaci\u00f3n Sexual Integral - Liceo Militar General Espejo<\/title>\n<meta name=\"robots\" content=\"index, follow, max-snippet:-1, max-image-preview:large, max-video-preview:-1\" \/>\n<link rel=\"canonical\" href=\"https:\/\/liceoespejo.edu.ar\/lmge\/proyecto-de-educacion-sexual-integral\/\" \/>\n<meta property=\"og:locale\" content=\"es_ES\" \/>\n<meta property=\"og:type\" content=\"article\" \/>\n<meta property=\"og:title\" content=\"Proyecto de Educaci\u00f3n Sexual Integral - Liceo Militar General Espejo\" \/>\n<meta property=\"og:description\" content=\"La Ley Nacional 26.150, establece la obligatoriedad para todas las escuelas de nuestro pa\u00eds, de impartir un Programa Integral de Educaci\u00f3n Sexual desde el Nivel Inicial hasta el Superior. Seg\u00fan esta ley, cada instituci\u00f3n debe adaptar la propuesta, a su realidad sociocultural, a su Proyecto Educativo Institucional y a su &hellip;\" \/>\n<meta property=\"og:url\" content=\"https:\/\/liceoespejo.edu.ar\/lmge\/proyecto-de-educacion-sexual-integral\/\" \/>\n<meta property=\"og:site_name\" content=\"Liceo Militar General Espejo\" \/>\n<meta property=\"article:publisher\" content=\"https:\/\/www.facebook.com\/liceomilitargeneralespejo\" \/>\n<meta property=\"article:modified_time\" content=\"2023-03-23T14:24:12+00:00\" \/>\n<meta name=\"twitter:card\" content=\"summary_large_image\" \/>\n<meta name=\"twitter:label1\" content=\"Tiempo de lectura\" \/>\n\t<meta name=\"twitter:data1\" content=\"1 minuto\" \/>\n<script type=\"application\/ld+json\" class=\"yoast-schema-graph\">{\"@context\":\"https:\\\/\\\/schema.org\",\"@graph\":[{\"@type\":\"WebPage\",\"@id\":\"https:\\\/\\\/liceoespejo.edu.ar\\\/lmge\\\/proyecto-de-educacion-sexual-integral\\\/\",\"url\":\"https:\\\/\\\/liceoespejo.edu.ar\\\/lmge\\\/proyecto-de-educacion-sexual-integral\\\/\",\"name\":\"Proyecto de Educaci\u00f3n Sexual Integral - Liceo Militar General Espejo\",\"isPartOf\":{\"@id\":\"https:\\\/\\\/liceoespejo.edu.ar\\\/lmge\\\/#website\"},\"datePublished\":\"2023-03-17T23:54:15+00:00\",\"dateModified\":\"2023-03-23T14:24:12+00:00\",\"breadcrumb\":{\"@id\":\"https:\\\/\\\/liceoespejo.edu.ar\\\/lmge\\\/proyecto-de-educacion-sexual-integral\\\/#breadcrumb\"},\"inLanguage\":\"es\",\"potentialAction\":[{\"@type\":\"ReadAction\",\"target\":[\"https:\\\/\\\/liceoespejo.edu.ar\\\/lmge\\\/proyecto-de-educacion-sexual-integral\\\/\"]}]},{\"@type\":\"BreadcrumbList\",\"@id\":\"https:\\\/\\\/liceoespejo.edu.ar\\\/lmge\\\/proyecto-de-educacion-sexual-integral\\\/#breadcrumb\",\"itemListElement\":[{\"@type\":\"ListItem\",\"position\":1,\"name\":\"Portada\",\"item\":\"https:\\\/\\\/liceoespejo.edu.ar\\\/lmge\\\/\"},{\"@type\":\"ListItem\",\"position\":2,\"name\":\"Proyecto de Educaci\u00f3n Sexual Integral\"}]},{\"@type\":\"WebSite\",\"@id\":\"https:\\\/\\\/liceoespejo.edu.ar\\\/lmge\\\/#website\",\"url\":\"https:\\\/\\\/liceoespejo.edu.ar\\\/lmge\\\/\",\"name\":\"Liceo Militar General Espejo\",\"description\":\"Colegio de educaci\u00f3n inicial, primaria y secundaria\",\"publisher\":{\"@id\":\"https:\\\/\\\/liceoespejo.edu.ar\\\/lmge\\\/#organization\"},\"potentialAction\":[{\"@type\":\"SearchAction\",\"target\":{\"@type\":\"EntryPoint\",\"urlTemplate\":\"https:\\\/\\\/liceoespejo.edu.ar\\\/lmge\\\/?s={search_term_string}\"},\"query-input\":{\"@type\":\"PropertyValueSpecification\",\"valueRequired\":true,\"valueName\":\"search_term_string\"}}],\"inLanguage\":\"es\"},{\"@type\":\"Organization\",\"@id\":\"https:\\\/\\\/liceoespejo.edu.ar\\\/lmge\\\/#organization\",\"name\":\"Liceo Militar General Espejo\",\"url\":\"https:\\\/\\\/liceoespejo.edu.ar\\\/lmge\\\/\",\"logo\":{\"@type\":\"ImageObject\",\"inLanguage\":\"es\",\"@id\":\"https:\\\/\\\/liceoespejo.edu.ar\\\/lmge\\\/#\\\/schema\\\/logo\\\/image\\\/\",\"url\":\"https:\\\/\\\/liceoespejo.edu.ar\\\/lmge\\\/wp-content\\\/uploads\\\/2023\\\/03\\\/infanteria5.png\",\"contentUrl\":\"https:\\\/\\\/liceoespejo.edu.ar\\\/lmge\\\/wp-content\\\/uploads\\\/2023\\\/03\\\/infanteria5.png\",\"width\":370,\"height\":370,\"caption\":\"Liceo Militar General Espejo\"},\"image\":{\"@id\":\"https:\\\/\\\/liceoespejo.edu.ar\\\/lmge\\\/#\\\/schema\\\/logo\\\/image\\\/\"},\"sameAs\":[\"https:\\\/\\\/www.facebook.com\\\/liceomilitargeneralespejo\"]}]}<\/script>\n<!-- \/ Yoast SEO plugin. -->","yoast_head_json":{"title":"Proyecto de Educaci\u00f3n Sexual Integral - Liceo Militar General Espejo","robots":{"index":"index","follow":"follow","max-snippet":"max-snippet:-1","max-image-preview":"max-image-preview:large","max-video-preview":"max-video-preview:-1"},"canonical":"https:\/\/liceoespejo.edu.ar\/lmge\/proyecto-de-educacion-sexual-integral\/","og_locale":"es_ES","og_type":"article","og_title":"Proyecto de Educaci\u00f3n Sexual Integral - Liceo Militar General Espejo","og_description":"La Ley Nacional 26.150, establece la obligatoriedad para todas las escuelas de nuestro pa\u00eds, de impartir un Programa Integral de Educaci\u00f3n Sexual desde el Nivel Inicial hasta el Superior. Seg\u00fan esta ley, cada instituci\u00f3n debe adaptar la propuesta, a su realidad sociocultural, a su Proyecto Educativo Institucional y a su &hellip;","og_url":"https:\/\/liceoespejo.edu.ar\/lmge\/proyecto-de-educacion-sexual-integral\/","og_site_name":"Liceo Militar General Espejo","article_publisher":"https:\/\/www.facebook.com\/liceomilitargeneralespejo","article_modified_time":"2023-03-23T14:24:12+00:00","twitter_card":"summary_large_image","twitter_misc":{"Tiempo de lectura":"1 minuto"},"schema":{"@context":"https:\/\/schema.org","@graph":[{"@type":"WebPage","@id":"https:\/\/liceoespejo.edu.ar\/lmge\/proyecto-de-educacion-sexual-integral\/","url":"https:\/\/liceoespejo.edu.ar\/lmge\/proyecto-de-educacion-sexual-integral\/","name":"Proyecto de Educaci\u00f3n Sexual Integral - Liceo Militar General Espejo","isPartOf":{"@id":"https:\/\/liceoespejo.edu.ar\/lmge\/#website"},"datePublished":"2023-03-17T23:54:15+00:00","dateModified":"2023-03-23T14:24:12+00:00","breadcrumb":{"@id":"https:\/\/liceoespejo.edu.ar\/lmge\/proyecto-de-educacion-sexual-integral\/#breadcrumb"},"inLanguage":"es","potentialAction":[{"@type":"ReadAction","target":["https:\/\/liceoespejo.edu.ar\/lmge\/proyecto-de-educacion-sexual-integral\/"]}]},{"@type":"BreadcrumbList","@id":"https:\/\/liceoespejo.edu.ar\/lmge\/proyecto-de-educacion-sexual-integral\/#breadcrumb","itemListElement":[{"@type":"ListItem","position":1,"name":"Portada","item":"https:\/\/liceoespejo.edu.ar\/lmge\/"},{"@type":"ListItem","position":2,"name":"Proyecto de Educaci\u00f3n Sexual Integral"}]},{"@type":"WebSite","@id":"https:\/\/liceoespejo.edu.ar\/lmge\/#website","url":"https:\/\/liceoespejo.edu.ar\/lmge\/","name":"Liceo Militar General Espejo","description":"Colegio de educaci\u00f3n inicial, primaria y secundaria","publisher":{"@id":"https:\/\/liceoespejo.edu.ar\/lmge\/#organization"},"potentialAction":[{"@type":"SearchAction","target":{"@type":"EntryPoint","urlTemplate":"https:\/\/liceoespejo.edu.ar\/lmge\/?s={search_term_string}"},"query-input":{"@type":"PropertyValueSpecification","valueRequired":true,"valueName":"search_term_string"}}],"inLanguage":"es"},{"@type":"Organization","@id":"https:\/\/liceoespejo.edu.ar\/lmge\/#organization","name":"Liceo Militar General Espejo","url":"https:\/\/liceoespejo.edu.ar\/lmge\/","logo":{"@type":"ImageObject","inLanguage":"es","@id":"https:\/\/liceoespejo.edu.ar\/lmge\/#\/schema\/logo\/image\/","url":"https:\/\/liceoespejo.edu.ar\/lmge\/wp-content\/uploads\/2023\/03\/infanteria5.png","contentUrl":"https:\/\/liceoespejo.edu.ar\/lmge\/wp-content\/uploads\/2023\/03\/infanteria5.png","width":370,"height":370,"caption":"Liceo Militar General Espejo"},"image":{"@id":"https:\/\/liceoespejo.edu.ar\/lmge\/#\/schema\/logo\/image\/"},"sameAs":["https:\/\/www.facebook.com\/liceomilitargeneralespejo"]}]}},"_links":{"self":[{"href":"https:\/\/liceoespejo.edu.ar\/lmge\/wp-json\/wp\/v2\/pages\/52","targetHints":{"allow":["GET"]}}],"collection":[{"href":"https:\/\/liceoespejo.edu.ar\/lmge\/wp-json\/wp\/v2\/pages"}],"about":[{"href":"https:\/\/liceoespejo.edu.ar\/lmge\/wp-json\/wp\/v2\/types\/page"}],"author":[{"embeddable":true,"href":"https:\/\/liceoespejo.edu.ar\/lmge\/wp-json\/wp\/v2\/users\/4"}],"replies":[{"embeddable":true,"href":"https:\/\/liceoespejo.edu.ar\/lmge\/wp-json\/wp\/v2\/comments?post=52"}],"version-history":[{"count":1,"href":"https:\/\/liceoespejo.edu.ar\/lmge\/wp-json\/wp\/v2\/pages\/52\/revisions"}],"predecessor-version":[{"id":53,"href":"https:\/\/liceoespejo.edu.ar\/lmge\/wp-json\/wp\/v2\/pages\/52\/revisions\/53"}],"wp:attachment":[{"href":"https:\/\/liceoespejo.edu.ar\/lmge\/wp-json\/wp\/v2\/media?parent=52"}],"curies":[{"name":"wp","href":"https:\/\/api.w.org\/{rel}","templated":true}]}}