{"id":543,"date":"2023-04-20T18:08:04","date_gmt":"2023-04-20T21:08:04","guid":{"rendered":"https:\/\/liceoespejo.edu.ar\/lmge\/?page_id=543"},"modified":"2025-07-05T13:03:06","modified_gmt":"2025-07-05T16:03:06","slug":"concursos","status":"publish","type":"page","link":"https:\/\/liceoespejo.edu.ar\/lmge\/concursos\/","title":{"rendered":"Concurso Ascenso e Ingreso 2025"},"content":{"rendered":"<p><strong>Perfiles<\/strong><\/p>\n<table class=\" alignleft\">\n<tbody>\n<tr>\n<td><a href=\"https:\/\/liceoespejo.edu.ar\/lmge\/wp-content\/uploads\/2025\/07\/PERFIL-DE-MAESTRO-DE-GRAGO-Y-MAESTRO-CELADOR-NP.pdf\">Maestro de Grado y Maestro Celador NP<\/a><\/td>\n<\/tr>\n<tr>\n<td><a href=\"https:\/\/liceoespejo.edu.ar\/lmge\/wp-content\/uploads\/2025\/07\/PERFIL-DE-MAESTRO-ESPECIAL-INGLES-NI-Y-NP-2025.pdf\">Maestro especial &#8211; Ingl\u00e9s NI y NP<\/a><\/td>\n<\/tr>\n<tr>\n<td><a href=\"https:\/\/liceoespejo.edu.ar\/lmge\/wp-content\/uploads\/2025\/07\/PERFIL-DE-MAESTRO-ESPECIAL-EDUCACION-DIG.J-PROG.-Y-ROB-NI-2025.pdf\">Maestro especial &#8211; Educaci\u00f3n Digital, Programaci\u00f3n y Rob NI<\/a><\/td>\n<\/tr>\n<tr>\n<td><a href=\"https:\/\/liceoespejo.edu.ar\/lmge\/wp-content\/uploads\/2025\/07\/PERFIL-DE-MAESTRO-ESPECIAL-EDUCACION-FISICA-NI-2025.pdf\">Maestro especial &#8211; Educaci\u00f3n F\u00edsica NI<\/a><\/td>\n<\/tr>\n<tr>\n<td><a href=\"https:\/\/liceoespejo.edu.ar\/lmge\/wp-content\/uploads\/2025\/07\/PERFIL-DE-MAESTRO-ESPECIAL-ARTISTICA-NI-Y-NP-2025.pdf\">Maestro especial Art\u00edstica NI y NP<\/a><\/td>\n<\/tr>\n<tr>\n<td><a href=\"https:\/\/liceoespejo.edu.ar\/lmge\/wp-content\/uploads\/2025\/07\/PERFIL-DE-MAESTRO-NIVEL-INICIAL-2025.pdf\">Maestro Nivel Inicial<\/a><\/td>\n<\/tr>\n<tr>\n<td><a href=\"https:\/\/liceoespejo.edu.ar\/lmge\/wp-content\/uploads\/2025\/07\/PERFIL-DE-PROFESOR-DE-BIOLOGIA-2025.pdf\">Profesor de Biolog\u00eda<\/a><\/td>\n<\/tr>\n<tr>\n<td><a href=\"https:\/\/liceoespejo.edu.ar\/lmge\/wp-content\/uploads\/2025\/07\/PERFIL-DE-PROFESOR-DE-FISICA-NS-2025.pdf\">Profesor de F\u00edsica NS<\/a><\/td>\n<\/tr>\n<tr>\n<td><a href=\"https:\/\/liceoespejo.edu.ar\/lmge\/wp-content\/uploads\/2025\/07\/PERFIL-DE-PROFESOR-DE-FORMACION-CIVICA-NS-2025.pdf\">Profesor de Formaci\u00f3n C\u00edvica NS<\/a><\/td>\n<\/tr>\n<tr>\n<td><a href=\"https:\/\/liceoespejo.edu.ar\/lmge\/wp-content\/uploads\/2025\/07\/PERFIL-DE-PROFESOR-DE-HISTORIA-NS-2025.pdf\">Profesor de Historia NS<\/a><\/td>\n<\/tr>\n<tr>\n<td><a href=\"https:\/\/liceoespejo.edu.ar\/lmge\/wp-content\/uploads\/2025\/07\/PERFIL-DE-PROFESOR-DE-MATEMATICA-NS-2025.pdf\">Profesor de Matem\u00e1ticas NS<\/a><\/td>\n<\/tr>\n<tr>\n<td><a href=\"https:\/\/liceoespejo.edu.ar\/lmge\/wp-content\/uploads\/2025\/07\/PERFIL-DE-PROFESOR-FISICO-QUIMICA-2025.pdf\">Profesor F\u00edsico Qu\u00edmica<\/a><\/td>\n<\/tr>\n<tr>\n<td><a href=\"https:\/\/liceoespejo.edu.ar\/lmge\/wp-content\/uploads\/2025\/07\/PERFIL-DE-PSICOPEDAGOGIA-COE.pdf\">Psicopedagog\u00eda &#8211; COE<\/a><\/td>\n<\/tr>\n<tr>\n<td><a href=\"https:\/\/liceoespejo.edu.ar\/lmge\/wp-content\/uploads\/2025\/07\/PERFIL-DE-PROFESOR-DE-LENGUA-NS-2025.pdf\">Profesor de Lengua NS<\/a><\/td>\n<\/tr>\n<tr>\n<td><a href=\"https:\/\/liceoespejo.edu.ar\/lmge\/wp-content\/uploads\/2025\/07\/PERFIL-DE-JEFE-DE-PRECEPTORES-NUEVO-NS-2025.pdf\">Jefe de Preceptores NS<\/a><\/td>\n<\/tr>\n<tr>\n<td><a href=\"https:\/\/liceoespejo.edu.ar\/lmge\/wp-content\/uploads\/2025\/07\/PERFIL-DE-PRECEPTOR-NS-2025.pdf\">Preceptor NS<\/a><\/td>\n<\/tr>\n<tr>\n<td><a href=\"https:\/\/liceoespejo.edu.ar\/lmge\/wp-content\/uploads\/2025\/07\/PERFIL-DEL-CONCURSO-DE-REGENTE-DE-ESTUDIOS-2025.pdf\">Regente de Estudios<\/a><\/td>\n<\/tr>\n<\/tbody>\n<\/table>\n<p><strong>Bibliograf\u00eda<\/strong><\/p>\n<p>Presione <strong><a href=\"https:\/\/drive.google.com\/drive\/folders\/1OusjCOpPo8-TqjtEB3MuXcaSGpGP9zMd?usp=drive_link\">aqu\u00ed<\/a><\/strong> para acceder tanto a la bibliograf\u00eda espec\u00edfica, como a la complementaria.<\/p>\n<p>De ser necesaria otra bibliograf\u00eda, ser\u00e1 agregada oportunamente.<\/p>\n<p><strong>Duda o inquietudes<\/strong><\/p>\n<p>Ante dudas o consultas dirigirse por correo electr\u00f3nico a regencia@liceoespejo.edu.ar \/ secretaria@liceoespejo.edu.ar<\/p>\n<a href=\"https:\/\/liceoespejo.edu.ar\/lmge\/wp-content\/uploads\/2025\/07\/llamado4.pdf\" class=\"pdfemb-viewer\" style=\"\" data-width=\"max\" data-height=\"max\" data-toolbar=\"bottom\" data-toolbar-fixed=\"off\">llamado4<\/a>\n","protected":false},"excerpt":{"rendered":"<p>Perfiles Maestro de Grado y Maestro Celador NP Maestro especial &#8211; Ingl\u00e9s NI y NP Maestro especial &#8211; Educaci\u00f3n Digital, Programaci\u00f3n y Rob NI Maestro especial &#8211; Educaci\u00f3n F\u00edsica NI Maestro especial Art\u00edstica NI y NP Maestro Nivel Inicial Profesor de Biolog\u00eda Profesor de F\u00edsica NS Profesor de Formaci\u00f3n C\u00edvica &hellip; <\/p>\n","protected":false},"author":4,"featured_media":0,"parent":0,"menu_order":0,"comment_status":"closed","ping_status":"closed","template":"","meta":{"ngg_post_thumbnail":0,"footnotes":""},"class_list":["post-543","page","type-page","status-publish","hentry"],"yoast_head":"<!-- This site is optimized with the Yoast SEO plugin v27.5 - https:\/\/yoast.com\/product\/yoast-seo-wordpress\/ -->\n<title>Concurso Ascenso e Ingreso 2025 - Liceo Militar General Espejo<\/title>\n<meta name=\"robots\" content=\"index, follow, max-snippet:-1, max-image-preview:large, max-video-preview:-1\" \/>\n<link rel=\"canonical\" href=\"https:\/\/liceoespejo.edu.ar\/lmge\/concursos\/\" \/>\n<meta property=\"og:locale\" content=\"es_ES\" \/>\n<meta property=\"og:type\" content=\"article\" \/>\n<meta property=\"og:title\" content=\"Concurso Ascenso e Ingreso 2025 - Liceo Militar General Espejo\" \/>\n<meta property=\"og:description\" content=\"Perfiles Maestro de Grado y Maestro Celador NP Maestro especial &#8211; Ingl\u00e9s NI y NP Maestro especial &#8211; Educaci\u00f3n Digital, Programaci\u00f3n y Rob NI Maestro especial &#8211; Educaci\u00f3n F\u00edsica NI Maestro especial Art\u00edstica NI y NP Maestro Nivel Inicial Profesor de Biolog\u00eda Profesor de F\u00edsica NS Profesor de Formaci\u00f3n C\u00edvica &hellip;\" \/>\n<meta property=\"og:url\" content=\"https:\/\/liceoespejo.edu.ar\/lmge\/concursos\/\" \/>\n<meta property=\"og:site_name\" content=\"Liceo Militar General Espejo\" \/>\n<meta property=\"article:publisher\" content=\"https:\/\/www.facebook.com\/liceomilitargeneralespejo\" \/>\n<meta property=\"article:modified_time\" content=\"2025-07-05T16:03:06+00:00\" \/>\n<meta name=\"twitter:card\" content=\"summary_large_image\" \/>\n<meta name=\"twitter:label1\" content=\"Tiempo de lectura\" \/>\n\t<meta name=\"twitter:data1\" content=\"1 minuto\" \/>\n<script type=\"application\/ld+json\" class=\"yoast-schema-graph\">{\"@context\":\"https:\\\/\\\/schema.org\",\"@graph\":[{\"@type\":\"WebPage\",\"@id\":\"https:\\\/\\\/liceoespejo.edu.ar\\\/lmge\\\/concursos\\\/\",\"url\":\"https:\\\/\\\/liceoespejo.edu.ar\\\/lmge\\\/concursos\\\/\",\"name\":\"Concurso Ascenso e Ingreso 2025 - Liceo Militar General Espejo\",\"isPartOf\":{\"@id\":\"https:\\\/\\\/liceoespejo.edu.ar\\\/lmge\\\/#website\"},\"datePublished\":\"2023-04-20T21:08:04+00:00\",\"dateModified\":\"2025-07-05T16:03:06+00:00\",\"breadcrumb\":{\"@id\":\"https:\\\/\\\/liceoespejo.edu.ar\\\/lmge\\\/concursos\\\/#breadcrumb\"},\"inLanguage\":\"es\",\"potentialAction\":[{\"@type\":\"ReadAction\",\"target\":[\"https:\\\/\\\/liceoespejo.edu.ar\\\/lmge\\\/concursos\\\/\"]}]},{\"@type\":\"BreadcrumbList\",\"@id\":\"https:\\\/\\\/liceoespejo.edu.ar\\\/lmge\\\/concursos\\\/#breadcrumb\",\"itemListElement\":[{\"@type\":\"ListItem\",\"position\":1,\"name\":\"Portada\",\"item\":\"https:\\\/\\\/liceoespejo.edu.ar\\\/lmge\\\/\"},{\"@type\":\"ListItem\",\"position\":2,\"name\":\"Concurso Ascenso e Ingreso 2025\"}]},{\"@type\":\"WebSite\",\"@id\":\"https:\\\/\\\/liceoespejo.edu.ar\\\/lmge\\\/#website\",\"url\":\"https:\\\/\\\/liceoespejo.edu.ar\\\/lmge\\\/\",\"name\":\"Liceo Militar General Espejo\",\"description\":\"Colegio de educaci\u00f3n inicial, primaria y secundaria\",\"publisher\":{\"@id\":\"https:\\\/\\\/liceoespejo.edu.ar\\\/lmge\\\/#organization\"},\"potentialAction\":[{\"@type\":\"SearchAction\",\"target\":{\"@type\":\"EntryPoint\",\"urlTemplate\":\"https:\\\/\\\/liceoespejo.edu.ar\\\/lmge\\\/?s={search_term_string}\"},\"query-input\":{\"@type\":\"PropertyValueSpecification\",\"valueRequired\":true,\"valueName\":\"search_term_string\"}}],\"inLanguage\":\"es\"},{\"@type\":\"Organization\",\"@id\":\"https:\\\/\\\/liceoespejo.edu.ar\\\/lmge\\\/#organization\",\"name\":\"Liceo Militar General Espejo\",\"url\":\"https:\\\/\\\/liceoespejo.edu.ar\\\/lmge\\\/\",\"logo\":{\"@type\":\"ImageObject\",\"inLanguage\":\"es\",\"@id\":\"https:\\\/\\\/liceoespejo.edu.ar\\\/lmge\\\/#\\\/schema\\\/logo\\\/image\\\/\",\"url\":\"https:\\\/\\\/liceoespejo.edu.ar\\\/lmge\\\/wp-content\\\/uploads\\\/2023\\\/03\\\/infanteria5.png\",\"contentUrl\":\"https:\\\/\\\/liceoespejo.edu.ar\\\/lmge\\\/wp-content\\\/uploads\\\/2023\\\/03\\\/infanteria5.png\",\"width\":370,\"height\":370,\"caption\":\"Liceo Militar General Espejo\"},\"image\":{\"@id\":\"https:\\\/\\\/liceoespejo.edu.ar\\\/lmge\\\/#\\\/schema\\\/logo\\\/image\\\/\"},\"sameAs\":[\"https:\\\/\\\/www.facebook.com\\\/liceomilitargeneralespejo\"]}]}<\/script>\n<!-- \/ Yoast SEO plugin. -->","yoast_head_json":{"title":"Concurso Ascenso e Ingreso 2025 - Liceo Militar General Espejo","robots":{"index":"index","follow":"follow","max-snippet":"max-snippet:-1","max-image-preview":"max-image-preview:large","max-video-preview":"max-video-preview:-1"},"canonical":"https:\/\/liceoespejo.edu.ar\/lmge\/concursos\/","og_locale":"es_ES","og_type":"article","og_title":"Concurso Ascenso e Ingreso 2025 - Liceo Militar General Espejo","og_description":"Perfiles Maestro de Grado y Maestro Celador NP Maestro especial &#8211; Ingl\u00e9s NI y NP Maestro especial &#8211; Educaci\u00f3n Digital, Programaci\u00f3n y Rob NI Maestro especial &#8211; Educaci\u00f3n F\u00edsica NI Maestro especial Art\u00edstica NI y NP Maestro Nivel Inicial Profesor de Biolog\u00eda Profesor de F\u00edsica NS Profesor de Formaci\u00f3n C\u00edvica &hellip;","og_url":"https:\/\/liceoespejo.edu.ar\/lmge\/concursos\/","og_site_name":"Liceo Militar General Espejo","article_publisher":"https:\/\/www.facebook.com\/liceomilitargeneralespejo","article_modified_time":"2025-07-05T16:03:06+00:00","twitter_card":"summary_large_image","twitter_misc":{"Tiempo de lectura":"1 minuto"},"schema":{"@context":"https:\/\/schema.org","@graph":[{"@type":"WebPage","@id":"https:\/\/liceoespejo.edu.ar\/lmge\/concursos\/","url":"https:\/\/liceoespejo.edu.ar\/lmge\/concursos\/","name":"Concurso Ascenso e Ingreso 2025 - Liceo Militar General Espejo","isPartOf":{"@id":"https:\/\/liceoespejo.edu.ar\/lmge\/#website"},"datePublished":"2023-04-20T21:08:04+00:00","dateModified":"2025-07-05T16:03:06+00:00","breadcrumb":{"@id":"https:\/\/liceoespejo.edu.ar\/lmge\/concursos\/#breadcrumb"},"inLanguage":"es","potentialAction":[{"@type":"ReadAction","target":["https:\/\/liceoespejo.edu.ar\/lmge\/concursos\/"]}]},{"@type":"BreadcrumbList","@id":"https:\/\/liceoespejo.edu.ar\/lmge\/concursos\/#breadcrumb","itemListElement":[{"@type":"ListItem","position":1,"name":"Portada","item":"https:\/\/liceoespejo.edu.ar\/lmge\/"},{"@type":"ListItem","position":2,"name":"Concurso Ascenso e Ingreso 2025"}]},{"@type":"WebSite","@id":"https:\/\/liceoespejo.edu.ar\/lmge\/#website","url":"https:\/\/liceoespejo.edu.ar\/lmge\/","name":"Liceo Militar General Espejo","description":"Colegio de educaci\u00f3n inicial, primaria y secundaria","publisher":{"@id":"https:\/\/liceoespejo.edu.ar\/lmge\/#organization"},"potentialAction":[{"@type":"SearchAction","target":{"@type":"EntryPoint","urlTemplate":"https:\/\/liceoespejo.edu.ar\/lmge\/?s={search_term_string}"},"query-input":{"@type":"PropertyValueSpecification","valueRequired":true,"valueName":"search_term_string"}}],"inLanguage":"es"},{"@type":"Organization","@id":"https:\/\/liceoespejo.edu.ar\/lmge\/#organization","name":"Liceo Militar General Espejo","url":"https:\/\/liceoespejo.edu.ar\/lmge\/","logo":{"@type":"ImageObject","inLanguage":"es","@id":"https:\/\/liceoespejo.edu.ar\/lmge\/#\/schema\/logo\/image\/","url":"https:\/\/liceoespejo.edu.ar\/lmge\/wp-content\/uploads\/2023\/03\/infanteria5.png","contentUrl":"https:\/\/liceoespejo.edu.ar\/lmge\/wp-content\/uploads\/2023\/03\/infanteria5.png","width":370,"height":370,"caption":"Liceo Militar General Espejo"},"image":{"@id":"https:\/\/liceoespejo.edu.ar\/lmge\/#\/schema\/logo\/image\/"},"sameAs":["https:\/\/www.facebook.com\/liceomilitargeneralespejo"]}]}},"_links":{"self":[{"href":"https:\/\/liceoespejo.edu.ar\/lmge\/wp-json\/wp\/v2\/pages\/543","targetHints":{"allow":["GET"]}}],"collection":[{"href":"https:\/\/liceoespejo.edu.ar\/lmge\/wp-json\/wp\/v2\/pages"}],"about":[{"href":"https:\/\/liceoespejo.edu.ar\/lmge\/wp-json\/wp\/v2\/types\/page"}],"author":[{"embeddable":true,"href":"https:\/\/liceoespejo.edu.ar\/lmge\/wp-json\/wp\/v2\/users\/4"}],"replies":[{"embeddable":true,"href":"https:\/\/liceoespejo.edu.ar\/lmge\/wp-json\/wp\/v2\/comments?post=543"}],"version-history":[{"count":72,"href":"https:\/\/liceoespejo.edu.ar\/lmge\/wp-json\/wp\/v2\/pages\/543\/revisions"}],"predecessor-version":[{"id":3440,"href":"https:\/\/liceoespejo.edu.ar\/lmge\/wp-json\/wp\/v2\/pages\/543\/revisions\/3440"}],"wp:attachment":[{"href":"https:\/\/liceoespejo.edu.ar\/lmge\/wp-json\/wp\/v2\/media?parent=543"}],"curies":[{"name":"wp","href":"https:\/\/api.w.org\/{rel}","templated":true}]}}