{"id":60,"date":"2023-03-17T20:56:25","date_gmt":"2023-03-17T20:56:25","guid":{"rendered":"https:\/\/liceoespejo.edu.ar\/lmge\/?page_id=60"},"modified":"2023-03-20T09:32:43","modified_gmt":"2023-03-20T12:32:43","slug":"informe-final-de-autoevaluacion-2018-2019","status":"publish","type":"page","link":"https:\/\/liceoespejo.edu.ar\/lmge\/informe-final-de-autoevaluacion-2018-2019\/","title":{"rendered":"Informe Final de Autoevaluaci\u00f3n 2018-2019"},"content":{"rendered":"<p>Puede descargar el archivo desde <a href=\"http:\/\/www.liceoespejo.edu.ar\/liceo\/wp-content\/uploads\/2021\/08\/IFA-2018-2019.pdf\">ac\u00e1<\/a> (la documentaci\u00f3n se encuentra vigente)<\/p>\n","protected":false},"excerpt":{"rendered":"<p>Puede descargar el archivo desde ac\u00e1 (la documentaci\u00f3n se encuentra vigente)<\/p>\n","protected":false},"author":4,"featured_media":0,"parent":0,"menu_order":0,"comment_status":"closed","ping_status":"closed","template":"","meta":{"ngg_post_thumbnail":0,"footnotes":""},"class_list":["post-60","page","type-page","status-publish","hentry"],"yoast_head":"<!-- This site is optimized with the Yoast SEO plugin v27.5 - https:\/\/yoast.com\/product\/yoast-seo-wordpress\/ -->\n<title>Informe Final de Autoevaluaci\u00f3n 2018-2019 - Liceo Militar General Espejo<\/title>\n<meta name=\"robots\" content=\"index, follow, max-snippet:-1, max-image-preview:large, max-video-preview:-1\" \/>\n<link rel=\"canonical\" href=\"https:\/\/liceoespejo.edu.ar\/lmge\/informe-final-de-autoevaluacion-2018-2019\/\" \/>\n<meta property=\"og:locale\" content=\"es_ES\" \/>\n<meta property=\"og:type\" content=\"article\" \/>\n<meta property=\"og:title\" content=\"Informe Final de Autoevaluaci\u00f3n 2018-2019 - Liceo Militar General Espejo\" \/>\n<meta property=\"og:description\" content=\"Puede descargar el archivo desde ac\u00e1 (la documentaci\u00f3n se encuentra vigente)\" \/>\n<meta property=\"og:url\" content=\"https:\/\/liceoespejo.edu.ar\/lmge\/informe-final-de-autoevaluacion-2018-2019\/\" \/>\n<meta property=\"og:site_name\" content=\"Liceo Militar General Espejo\" \/>\n<meta property=\"article:publisher\" content=\"https:\/\/www.facebook.com\/liceomilitargeneralespejo\" \/>\n<meta property=\"article:modified_time\" content=\"2023-03-20T12:32:43+00:00\" \/>\n<meta name=\"twitter:card\" content=\"summary_large_image\" \/>\n<script type=\"application\/ld+json\" class=\"yoast-schema-graph\">{\"@context\":\"https:\\\/\\\/schema.org\",\"@graph\":[{\"@type\":\"WebPage\",\"@id\":\"https:\\\/\\\/liceoespejo.edu.ar\\\/lmge\\\/informe-final-de-autoevaluacion-2018-2019\\\/\",\"url\":\"https:\\\/\\\/liceoespejo.edu.ar\\\/lmge\\\/informe-final-de-autoevaluacion-2018-2019\\\/\",\"name\":\"Informe Final de Autoevaluaci\u00f3n 2018-2019 - Liceo Militar General Espejo\",\"isPartOf\":{\"@id\":\"https:\\\/\\\/liceoespejo.edu.ar\\\/lmge\\\/#website\"},\"datePublished\":\"2023-03-17T20:56:25+00:00\",\"dateModified\":\"2023-03-20T12:32:43+00:00\",\"breadcrumb\":{\"@id\":\"https:\\\/\\\/liceoespejo.edu.ar\\\/lmge\\\/informe-final-de-autoevaluacion-2018-2019\\\/#breadcrumb\"},\"inLanguage\":\"es\",\"potentialAction\":[{\"@type\":\"ReadAction\",\"target\":[\"https:\\\/\\\/liceoespejo.edu.ar\\\/lmge\\\/informe-final-de-autoevaluacion-2018-2019\\\/\"]}]},{\"@type\":\"BreadcrumbList\",\"@id\":\"https:\\\/\\\/liceoespejo.edu.ar\\\/lmge\\\/informe-final-de-autoevaluacion-2018-2019\\\/#breadcrumb\",\"itemListElement\":[{\"@type\":\"ListItem\",\"position\":1,\"name\":\"Portada\",\"item\":\"https:\\\/\\\/liceoespejo.edu.ar\\\/lmge\\\/\"},{\"@type\":\"ListItem\",\"position\":2,\"name\":\"Informe Final de Autoevaluaci\u00f3n 2018-2019\"}]},{\"@type\":\"WebSite\",\"@id\":\"https:\\\/\\\/liceoespejo.edu.ar\\\/lmge\\\/#website\",\"url\":\"https:\\\/\\\/liceoespejo.edu.ar\\\/lmge\\\/\",\"name\":\"Liceo Militar General Espejo\",\"description\":\"Colegio de educaci\u00f3n inicial, primaria y secundaria\",\"publisher\":{\"@id\":\"https:\\\/\\\/liceoespejo.edu.ar\\\/lmge\\\/#organization\"},\"potentialAction\":[{\"@type\":\"SearchAction\",\"target\":{\"@type\":\"EntryPoint\",\"urlTemplate\":\"https:\\\/\\\/liceoespejo.edu.ar\\\/lmge\\\/?s={search_term_string}\"},\"query-input\":{\"@type\":\"PropertyValueSpecification\",\"valueRequired\":true,\"valueName\":\"search_term_string\"}}],\"inLanguage\":\"es\"},{\"@type\":\"Organization\",\"@id\":\"https:\\\/\\\/liceoespejo.edu.ar\\\/lmge\\\/#organization\",\"name\":\"Liceo Militar General Espejo\",\"url\":\"https:\\\/\\\/liceoespejo.edu.ar\\\/lmge\\\/\",\"logo\":{\"@type\":\"ImageObject\",\"inLanguage\":\"es\",\"@id\":\"https:\\\/\\\/liceoespejo.edu.ar\\\/lmge\\\/#\\\/schema\\\/logo\\\/image\\\/\",\"url\":\"https:\\\/\\\/liceoespejo.edu.ar\\\/lmge\\\/wp-content\\\/uploads\\\/2023\\\/03\\\/infanteria5.png\",\"contentUrl\":\"https:\\\/\\\/liceoespejo.edu.ar\\\/lmge\\\/wp-content\\\/uploads\\\/2023\\\/03\\\/infanteria5.png\",\"width\":370,\"height\":370,\"caption\":\"Liceo Militar General Espejo\"},\"image\":{\"@id\":\"https:\\\/\\\/liceoespejo.edu.ar\\\/lmge\\\/#\\\/schema\\\/logo\\\/image\\\/\"},\"sameAs\":[\"https:\\\/\\\/www.facebook.com\\\/liceomilitargeneralespejo\"]}]}<\/script>\n<!-- \/ Yoast SEO plugin. -->","yoast_head_json":{"title":"Informe Final de Autoevaluaci\u00f3n 2018-2019 - Liceo Militar General Espejo","robots":{"index":"index","follow":"follow","max-snippet":"max-snippet:-1","max-image-preview":"max-image-preview:large","max-video-preview":"max-video-preview:-1"},"canonical":"https:\/\/liceoespejo.edu.ar\/lmge\/informe-final-de-autoevaluacion-2018-2019\/","og_locale":"es_ES","og_type":"article","og_title":"Informe Final de Autoevaluaci\u00f3n 2018-2019 - Liceo Militar General Espejo","og_description":"Puede descargar el archivo desde ac\u00e1 (la documentaci\u00f3n se encuentra vigente)","og_url":"https:\/\/liceoespejo.edu.ar\/lmge\/informe-final-de-autoevaluacion-2018-2019\/","og_site_name":"Liceo Militar General Espejo","article_publisher":"https:\/\/www.facebook.com\/liceomilitargeneralespejo","article_modified_time":"2023-03-20T12:32:43+00:00","twitter_card":"summary_large_image","schema":{"@context":"https:\/\/schema.org","@graph":[{"@type":"WebPage","@id":"https:\/\/liceoespejo.edu.ar\/lmge\/informe-final-de-autoevaluacion-2018-2019\/","url":"https:\/\/liceoespejo.edu.ar\/lmge\/informe-final-de-autoevaluacion-2018-2019\/","name":"Informe Final de Autoevaluaci\u00f3n 2018-2019 - Liceo Militar General Espejo","isPartOf":{"@id":"https:\/\/liceoespejo.edu.ar\/lmge\/#website"},"datePublished":"2023-03-17T20:56:25+00:00","dateModified":"2023-03-20T12:32:43+00:00","breadcrumb":{"@id":"https:\/\/liceoespejo.edu.ar\/lmge\/informe-final-de-autoevaluacion-2018-2019\/#breadcrumb"},"inLanguage":"es","potentialAction":[{"@type":"ReadAction","target":["https:\/\/liceoespejo.edu.ar\/lmge\/informe-final-de-autoevaluacion-2018-2019\/"]}]},{"@type":"BreadcrumbList","@id":"https:\/\/liceoespejo.edu.ar\/lmge\/informe-final-de-autoevaluacion-2018-2019\/#breadcrumb","itemListElement":[{"@type":"ListItem","position":1,"name":"Portada","item":"https:\/\/liceoespejo.edu.ar\/lmge\/"},{"@type":"ListItem","position":2,"name":"Informe Final de Autoevaluaci\u00f3n 2018-2019"}]},{"@type":"WebSite","@id":"https:\/\/liceoespejo.edu.ar\/lmge\/#website","url":"https:\/\/liceoespejo.edu.ar\/lmge\/","name":"Liceo Militar General Espejo","description":"Colegio de educaci\u00f3n inicial, primaria y secundaria","publisher":{"@id":"https:\/\/liceoespejo.edu.ar\/lmge\/#organization"},"potentialAction":[{"@type":"SearchAction","target":{"@type":"EntryPoint","urlTemplate":"https:\/\/liceoespejo.edu.ar\/lmge\/?s={search_term_string}"},"query-input":{"@type":"PropertyValueSpecification","valueRequired":true,"valueName":"search_term_string"}}],"inLanguage":"es"},{"@type":"Organization","@id":"https:\/\/liceoespejo.edu.ar\/lmge\/#organization","name":"Liceo Militar General Espejo","url":"https:\/\/liceoespejo.edu.ar\/lmge\/","logo":{"@type":"ImageObject","inLanguage":"es","@id":"https:\/\/liceoespejo.edu.ar\/lmge\/#\/schema\/logo\/image\/","url":"https:\/\/liceoespejo.edu.ar\/lmge\/wp-content\/uploads\/2023\/03\/infanteria5.png","contentUrl":"https:\/\/liceoespejo.edu.ar\/lmge\/wp-content\/uploads\/2023\/03\/infanteria5.png","width":370,"height":370,"caption":"Liceo Militar General Espejo"},"image":{"@id":"https:\/\/liceoespejo.edu.ar\/lmge\/#\/schema\/logo\/image\/"},"sameAs":["https:\/\/www.facebook.com\/liceomilitargeneralespejo"]}]}},"_links":{"self":[{"href":"https:\/\/liceoespejo.edu.ar\/lmge\/wp-json\/wp\/v2\/pages\/60","targetHints":{"allow":["GET"]}}],"collection":[{"href":"https:\/\/liceoespejo.edu.ar\/lmge\/wp-json\/wp\/v2\/pages"}],"about":[{"href":"https:\/\/liceoespejo.edu.ar\/lmge\/wp-json\/wp\/v2\/types\/page"}],"author":[{"embeddable":true,"href":"https:\/\/liceoespejo.edu.ar\/lmge\/wp-json\/wp\/v2\/users\/4"}],"replies":[{"embeddable":true,"href":"https:\/\/liceoespejo.edu.ar\/lmge\/wp-json\/wp\/v2\/comments?post=60"}],"version-history":[{"count":1,"href":"https:\/\/liceoespejo.edu.ar\/lmge\/wp-json\/wp\/v2\/pages\/60\/revisions"}],"predecessor-version":[{"id":61,"href":"https:\/\/liceoespejo.edu.ar\/lmge\/wp-json\/wp\/v2\/pages\/60\/revisions\/61"}],"wp:attachment":[{"href":"https:\/\/liceoespejo.edu.ar\/lmge\/wp-json\/wp\/v2\/media?parent=60"}],"curies":[{"name":"wp","href":"https:\/\/api.w.org\/{rel}","templated":true}]}}